{"id":17081,"date":"2019-03-24T23:43:16","date_gmt":"2019-03-24T23:43:16","guid":{"rendered":"http:\/\/hellobanhmi.dk\/catering\/"},"modified":"2022-07-06T08:34:18","modified_gmt":"2022-07-06T08:34:18","slug":"catering","status":"publish","type":"page","link":"https:\/\/hellobanhmi.dk\/en\/catering\/","title":{"rendered":"Catering"},"content":{"rendered":"\t\t<div data-elementor-type=\"wp-page\" data-elementor-id=\"17081\" class=\"elementor elementor-17081\" data-elementor-post-type=\"page\">\n\t\t\t\t\t\t<section class=\"elementor-section elementor-top-section elementor-element elementor-element-27adb233 elementor-section-boxed elementor-section-height-default elementor-section-height-default\" data-id=\"27adb233\" data-element_type=\"section\" data-e-type=\"section\">\n\t\t\t\t\t\t<div class=\"elementor-container elementor-column-gap-default\">\n\t\t\t\t\t<div class=\"elementor-column elementor-col-100 elementor-top-column elementor-element elementor-element-52e5e42f\" data-id=\"52e5e42f\" data-element_type=\"column\" data-e-type=\"column\">\n\t\t\t<div class=\"elementor-widget-wrap elementor-element-populated\">\n\t\t\t\t\t\t<div class=\"elementor-element elementor-element-ab1be9b elementor-widget elementor-widget-heading\" data-id=\"ab1be9b\" data-element_type=\"widget\" data-e-type=\"widget\" data-widget_type=\"heading.default\">\n\t\t\t\t<div class=\"elementor-widget-container\">\n\t\t\t\t\t<h2 class=\"elementor-heading-title elementor-size-default\">H\u00caLL\u00d4 B\u00c1NH M\u00cc \u2013 CATERING FOR ANY OCCASION\n<\/h2>\t\t\t\t<\/div>\n\t\t\t\t<\/div>\n\t\t\t\t<div class=\"elementor-element elementor-element-7ae50d9 elementor-widget elementor-widget-text-editor\" data-id=\"7ae50d9\" data-element_type=\"widget\" data-e-type=\"widget\" data-widget_type=\"text-editor.default\">\n\t\t\t\t<div class=\"elementor-widget-container\">\n\t\t\t\t\t\t\t\t\t<p>Although we are a small street kitchen, we have good experience with catering for both small and large events. We cater to businesses and private and are an ideal partner for e.g. company lunches \/ meetings, receptions, parties or just an informal and cozy dinner.<\/p><p>We offer delicious, simple and fresh Vietnamese specialties that with a single bite take you on a trip to Vietnam&#8217;s popular street cuisine.<\/p>\t\t\t\t\t\t\t\t<\/div>\n\t\t\t\t<\/div>\n\t\t\t\t<section class=\"elementor-section elementor-inner-section elementor-element elementor-element-6c63b40 elementor-section-boxed elementor-section-height-default elementor-section-height-default\" data-id=\"6c63b40\" data-element_type=\"section\" data-e-type=\"section\">\n\t\t\t\t\t\t<div class=\"elementor-container elementor-column-gap-default\">\n\t\t\t\t\t<div class=\"elementor-column elementor-col-50 elementor-inner-column elementor-element elementor-element-d5842e3\" data-id=\"d5842e3\" data-element_type=\"column\" data-e-type=\"column\">\n\t\t\t<div class=\"elementor-widget-wrap elementor-element-populated\">\n\t\t\t\t\t\t<div class=\"elementor-element elementor-element-3b32b89 elementor-widget__width-auto elementor-widget elementor-widget-text-editor\" data-id=\"3b32b89\" data-element_type=\"widget\" data-e-type=\"widget\" data-widget_type=\"text-editor.default\">\n\t\t\t\t<div class=\"elementor-widget-container\">\n\t\t\t\t\t\t\t\t\t<p>In our <a href=\"http:\/\/hellobanhmi.dk\/en\/menu\/\"><u>menu<\/u><\/a> you will find our daily specialties served from the &#8220;street kitchen&#8221;. If you need another inspiring and tasty menu composition, we look forward to hearing from you.<\/p>\t\t\t\t\t\t\t\t<\/div>\n\t\t\t\t<\/div>\n\t\t\t\t\t<\/div>\n\t\t<\/div>\n\t\t\t\t<div class=\"elementor-column elementor-col-50 elementor-inner-column elementor-element elementor-element-a7aeb46\" data-id=\"a7aeb46\" data-element_type=\"column\" data-e-type=\"column\">\n\t\t\t<div class=\"elementor-widget-wrap elementor-element-populated\">\n\t\t\t\t\t\t<div class=\"elementor-element elementor-element-4d26055 elementor-widget__width-auto elementor-widget elementor-widget-image\" data-id=\"4d26055\" data-element_type=\"widget\" data-e-type=\"widget\" data-widget_type=\"image.default\">\n\t\t\t\t<div class=\"elementor-widget-container\">\n\t\t\t\t\t\t\t\t\t\t\t\t\t\t\t<img fetchpriority=\"high\" decoding=\"async\" width=\"631\" height=\"1024\" src=\"https:\/\/hellobanhmi.dk\/wp-content\/uploads\/2019\/03\/catering-img-631x1024.jpg\" class=\"attachment-large size-large wp-image-16686\" alt=\"\" srcset=\"https:\/\/hellobanhmi.dk\/wp-content\/uploads\/2019\/03\/catering-img-631x1024.jpg 631w, https:\/\/hellobanhmi.dk\/wp-content\/uploads\/2019\/03\/catering-img-185x300.jpg 185w, https:\/\/hellobanhmi.dk\/wp-content\/uploads\/2019\/03\/catering-img-768x1247.jpg 768w, https:\/\/hellobanhmi.dk\/wp-content\/uploads\/2019\/03\/catering-img-700x1136.jpg 700w, https:\/\/hellobanhmi.dk\/wp-content\/uploads\/2019\/03\/catering-img.jpg 996w\" sizes=\"(max-width: 631px) 100vw, 631px\" \/>\t\t\t\t\t\t\t\t\t\t\t\t\t\t\t<\/div>\n\t\t\t\t<\/div>\n\t\t\t\t\t<\/div>\n\t\t<\/div>\n\t\t\t\t\t<\/div>\n\t\t<\/section>\n\t\t\t\t<div class=\"elementor-element elementor-element-c2157bc elementor-widget elementor-widget-heading\" data-id=\"c2157bc\" data-element_type=\"widget\" data-e-type=\"widget\" data-widget_type=\"heading.default\">\n\t\t\t\t<div class=\"elementor-widget-container\">\n\t\t\t\t\t<h2 class=\"elementor-heading-title elementor-size-default\">Contact us<\/h2>\t\t\t\t<\/div>\n\t\t\t\t<\/div>\n\t\t\t\t<div class=\"elementor-element elementor-element-2e68248 elementor-button-align-stretch elementor-widget elementor-widget-form\" data-id=\"2e68248\" data-element_type=\"widget\" data-e-type=\"widget\" data-settings=\"{&quot;step_next_label&quot;:&quot;N\\u00e6ste&quot;,&quot;step_previous_label&quot;:&quot;Tidligere&quot;,&quot;button_width&quot;:&quot;100&quot;,&quot;step_type&quot;:&quot;number_text&quot;,&quot;step_icon_shape&quot;:&quot;circle&quot;}\" data-widget_type=\"form.default\">\n\t\t\t\t<div class=\"elementor-widget-container\">\n\t\t\t\t\t\t\t<form class=\"elementor-form\" method=\"post\" name=\"Ny formular\" aria-label=\"Ny formular\">\n\t\t\t<input type=\"hidden\" name=\"post_id\" value=\"17081\"\/>\n\t\t\t<input type=\"hidden\" name=\"form_id\" value=\"2e68248\"\/>\n\t\t\t<input type=\"hidden\" name=\"referer_title\" value=\"\" \/>\n\n\t\t\t\n\t\t\t<div class=\"elementor-form-fields-wrapper elementor-labels-\">\n\t\t\t\t\t\t\t\t<div class=\"elementor-field-type-text elementor-field-group elementor-column elementor-field-group-name elementor-col-50 elementor-field-required\">\n\t\t\t\t\t\t\t\t\t\t\t\t<label for=\"form-field-name\" class=\"elementor-field-label elementor-screen-only\">\n\t\t\t\t\t\t\t\tName\t\t\t\t\t\t\t<\/label>\n\t\t\t\t\t\t\t\t\t\t\t\t\t\t<input size=\"1\" type=\"text\" name=\"form_fields[name]\" id=\"form-field-name\" class=\"elementor-field elementor-size-sm  elementor-field-textual\" placeholder=\"Name*\" required=\"required\">\n\t\t\t\t\t\t\t\t\t\t\t<\/div>\n\t\t\t\t\t\t\t\t<div class=\"elementor-field-type-tel elementor-field-group elementor-column elementor-field-group-field_ef5fbeb elementor-col-50\">\n\t\t\t\t\t\t\t<input size=\"1\" type=\"tel\" name=\"form_fields[field_ef5fbeb]\" id=\"form-field-field_ef5fbeb\" class=\"elementor-field elementor-size-sm  elementor-field-textual\" placeholder=\"Tel.\" pattern=\"[0-9()#&amp;+*-=.]+\" title=\"Only numbers and phone characters (#, -, *, etc) are accepted.\">\n\n\t\t\t\t\t\t<\/div>\n\t\t\t\t\t\t\t\t<div class=\"elementor-field-type-email elementor-field-group elementor-column elementor-field-group-email elementor-col-100 elementor-field-required\">\n\t\t\t\t\t\t\t\t\t\t\t\t<label for=\"form-field-email\" class=\"elementor-field-label elementor-screen-only\">\n\t\t\t\t\t\t\t\tE-mail\t\t\t\t\t\t\t<\/label>\n\t\t\t\t\t\t\t\t\t\t\t\t\t\t<input size=\"1\" type=\"email\" name=\"form_fields[email]\" id=\"form-field-email\" class=\"elementor-field elementor-size-sm  elementor-field-textual\" placeholder=\"E-mail*\" required=\"required\">\n\t\t\t\t\t\t\t\t\t\t\t<\/div>\n\t\t\t\t\t\t\t\t<div class=\"elementor-field-type-textarea elementor-field-group elementor-column elementor-field-group-message elementor-col-100 elementor-field-required\">\n\t\t\t\t\t\t\t\t\t\t\t\t<label for=\"form-field-message\" class=\"elementor-field-label elementor-screen-only\">\n\t\t\t\t\t\t\t\tMessage\t\t\t\t\t\t\t<\/label>\n\t\t\t\t\t\t<textarea class=\"elementor-field-textual elementor-field  elementor-size-sm\" name=\"form_fields[message]\" id=\"form-field-message\" rows=\"8\" placeholder=\"Message\" required=\"required\"><\/textarea>\t\t\t\t<\/div>\n\t\t\t\t\t\t\t\t<div class=\"elementor-field-type-recaptcha_v3 elementor-field-group elementor-column elementor-field-group-field_1d3d376 elementor-col-100 recaptcha_v3-bottomright\">\n\t\t\t\t\t<div class=\"elementor-field\" id=\"form-field-field_1d3d376\"><div class=\"elementor-g-recaptcha\" data-sitekey=\"6LdjF8kgAAAAAJRAzV7INY4nR4L7C51RSCdHkT-W\" data-type=\"v3\" data-action=\"Form\" data-badge=\"bottomright\" data-size=\"invisible\"><\/div><\/div>\t\t\t\t<\/div>\n\t\t\t\t\t\t\t\t<div class=\"elementor-field-group elementor-column elementor-field-type-submit elementor-col-100 e-form__buttons\">\n\t\t\t\t\t<button class=\"elementor-button elementor-size-sm\" type=\"submit\">\n\t\t\t\t\t\t<span class=\"elementor-button-content-wrapper\">\n\t\t\t\t\t\t\t\t\t\t\t\t\t\t\t\t\t\t\t\t\t\t<span class=\"elementor-button-text\">Send<\/span>\n\t\t\t\t\t\t\t\t\t\t\t\t\t<\/span>\n\t\t\t\t\t<\/button>\n\t\t\t\t<\/div>\n\t\t\t<\/div>\n\t\t<\/form>\n\t\t\t\t\t\t<\/div>\n\t\t\t\t<\/div>\n\t\t\t\t\t<\/div>\n\t\t<\/div>\n\t\t\t\t\t<\/div>\n\t\t<\/section>\n\t\t\t\t<\/div>\n\t\t","protected":false},"excerpt":{"rendered":"<p>H\u00caLL\u00d4 B\u00c1NH M\u00cc \u2013 CATERING FOR ANY OCCASION Although we are a small street kitchen, we have good experience with catering for both small and large events. We cater to businesses and private and are an ideal partner for e.g. company lunches \/ meetings, receptions, parties or just an informal and cozy dinner. We offer [&hellip;]<\/p>\n","protected":false},"author":1,"featured_media":0,"parent":0,"menu_order":0,"comment_status":"closed","ping_status":"closed","template":"","meta":{"_monsterinsights_skip_tracking":false,"_monsterinsights_sitenote_active":false,"_monsterinsights_sitenote_note":"","_monsterinsights_sitenote_category":0,"footnotes":""},"class_list":["post-17081","page","type-page","status-publish","hentry"],"_links":{"self":[{"href":"https:\/\/hellobanhmi.dk\/en\/wp-json\/wp\/v2\/pages\/17081","targetHints":{"allow":["GET"]}}],"collection":[{"href":"https:\/\/hellobanhmi.dk\/en\/wp-json\/wp\/v2\/pages"}],"about":[{"href":"https:\/\/hellobanhmi.dk\/en\/wp-json\/wp\/v2\/types\/page"}],"author":[{"embeddable":true,"href":"https:\/\/hellobanhmi.dk\/en\/wp-json\/wp\/v2\/users\/1"}],"replies":[{"embeddable":true,"href":"https:\/\/hellobanhmi.dk\/en\/wp-json\/wp\/v2\/comments?post=17081"}],"version-history":[{"count":3,"href":"https:\/\/hellobanhmi.dk\/en\/wp-json\/wp\/v2\/pages\/17081\/revisions"}],"predecessor-version":[{"id":17084,"href":"https:\/\/hellobanhmi.dk\/en\/wp-json\/wp\/v2\/pages\/17081\/revisions\/17084"}],"wp:attachment":[{"href":"https:\/\/hellobanhmi.dk\/en\/wp-json\/wp\/v2\/media?parent=17081"}],"curies":[{"name":"wp","href":"https:\/\/api.w.org\/{rel}","templated":true}]}}