{"id":16983,"date":"2019-03-24T23:40:33","date_gmt":"2019-03-24T23:40:33","guid":{"rendered":"http:\/\/hellobanhmi.dk\/about-us\/"},"modified":"2022-07-06T08:13:30","modified_gmt":"2022-07-06T08:13:30","slug":"about-us","status":"publish","type":"page","link":"https:\/\/hellobanhmi.dk\/en\/about-us\/","title":{"rendered":"About us"},"content":{"rendered":"\t\t<div data-elementor-type=\"wp-page\" data-elementor-id=\"16983\" class=\"elementor elementor-16983\" data-elementor-post-type=\"page\">\n\t\t\t\t\t\t<section class=\"elementor-section elementor-top-section elementor-element elementor-element-3b3cc9eb elementor-section-boxed elementor-section-height-default elementor-section-height-default\" data-id=\"3b3cc9eb\" data-element_type=\"section\" data-e-type=\"section\">\n\t\t\t\t\t\t<div class=\"elementor-container elementor-column-gap-default\">\n\t\t\t\t\t<div class=\"elementor-column elementor-col-100 elementor-top-column elementor-element elementor-element-7404f27\" data-id=\"7404f27\" data-element_type=\"column\" data-e-type=\"column\">\n\t\t\t<div class=\"elementor-widget-wrap elementor-element-populated\">\n\t\t\t\t\t\t<div class=\"elementor-element elementor-element-bf21d55 elementor-widget elementor-widget-heading\" data-id=\"bf21d55\" data-element_type=\"widget\" data-e-type=\"widget\" data-widget_type=\"heading.default\">\n\t\t\t\t<div class=\"elementor-widget-container\">\n\t\t\t\t\t<h2 class=\"elementor-heading-title elementor-size-default\">VIETNAMESE STREET FOOD AT IT\u2019S BEST!\n<\/h2>\t\t\t\t<\/div>\n\t\t\t\t<\/div>\n\t\t\t\t<div class=\"elementor-element elementor-element-6f16288 elementor-widget elementor-widget-text-editor\" data-id=\"6f16288\" data-element_type=\"widget\" data-e-type=\"widget\" data-widget_type=\"text-editor.default\">\n\t\t\t\t<div class=\"elementor-widget-container\">\n\t\t\t\t\t\t\t\t\t<p>Vietnamese street food (Street Food) is internationally described as being one of the healthiest kitchens due to its minimal use of oils as well as high demands on fresh ingredients. The kitchen is also known for mastering the balance between the sour, sweet and salty, which helps to create the most tasty dishes. Street Food is typically eaten on the go &#8211; standing or walking, and is always cozy and unpretentious. The dishes are ideal for a healthy and tasty quick lunch and can be enjoyed by everyone, whether you are a meat lover or a vegetarian.<\/p><p>At H\u00eall\u00f4 B\u00e1nh M\u00ec, it is not only our fresh and tasty food that has top priority, but it must also always be nice and fun to come and visit us! Our vision is to bring people closer together through good food and atmosphere and would like you to invite colleagues, family and friends down to a wonderful and authentic Vietnamese Street Food dining experience. The mission is quite simple; we only serve fresh and homemade dishes with lots of love and zest for life, just like it is done in Vietnam.<\/p><p>H\u00eall\u00f4 B\u00e1nnh M\u00ec is run on a daily basis by Cam Hang Pham, who was born in southern Vietnam and raised in the pulsating heart of the country; Saigon (Ho Chi Minh City), where Street Food is an important and loving part of the population. Despite the fact that Vietnamese Street Food has only begun to boom in Denmark now, it has always been a big part of Cam&#8217;s upbringing, and she longs and remembers the warm and good times that Vietnamese street cuisine provides. These feelings are the driving force behind H\u00eall\u00f4 B\u00e1nh M\u00ec and we hope you will feel this too.<\/p><p>It is important for us to give our customers the feeling of what real Vietnamese Street Food food is, which is why we only use tasty family recipes delivered from generation to generation. We offer traditional, popular and \u201csimple\u201d dishes at affordable prices. H\u00eall\u00f4 B\u00e1nnh M\u00ec warmly welcomes you in our cozy \u201cstreet cuisine\u201d and looks forward to giving you a delicious bite of Vietnam!<\/p>\t\t\t\t\t\t\t\t<\/div>\n\t\t\t\t<\/div>\n\t\t\t\t\t<\/div>\n\t\t<\/div>\n\t\t\t\t\t<\/div>\n\t\t<\/section>\n\t\t\t\t<\/div>\n\t\t","protected":false},"excerpt":{"rendered":"<p>VIETNAMESE STREET FOOD AT IT\u2019S BEST! Vietnamese street food (Street Food) is internationally described as being one of the healthiest kitchens due to its minimal use of oils as well as high demands on fresh ingredients. The kitchen is also known for mastering the balance between the sour, sweet and salty, which helps to create [&hellip;]<\/p>\n","protected":false},"author":1,"featured_media":0,"parent":0,"menu_order":0,"comment_status":"closed","ping_status":"closed","template":"","meta":{"_monsterinsights_skip_tracking":false,"_monsterinsights_sitenote_active":false,"_monsterinsights_sitenote_note":"","_monsterinsights_sitenote_category":0,"footnotes":""},"class_list":["post-16983","page","type-page","status-publish","hentry"],"_links":{"self":[{"href":"https:\/\/hellobanhmi.dk\/en\/wp-json\/wp\/v2\/pages\/16983","targetHints":{"allow":["GET"]}}],"collection":[{"href":"https:\/\/hellobanhmi.dk\/en\/wp-json\/wp\/v2\/pages"}],"about":[{"href":"https:\/\/hellobanhmi.dk\/en\/wp-json\/wp\/v2\/types\/page"}],"author":[{"embeddable":true,"href":"https:\/\/hellobanhmi.dk\/en\/wp-json\/wp\/v2\/users\/1"}],"replies":[{"embeddable":true,"href":"https:\/\/hellobanhmi.dk\/en\/wp-json\/wp\/v2\/comments?post=16983"}],"version-history":[{"count":4,"href":"https:\/\/hellobanhmi.dk\/en\/wp-json\/wp\/v2\/pages\/16983\/revisions"}],"predecessor-version":[{"id":17064,"href":"https:\/\/hellobanhmi.dk\/en\/wp-json\/wp\/v2\/pages\/16983\/revisions\/17064"}],"wp:attachment":[{"href":"https:\/\/hellobanhmi.dk\/en\/wp-json\/wp\/v2\/media?parent=16983"}],"curies":[{"name":"wp","href":"https:\/\/api.w.org\/{rel}","templated":true}]}}