{"id":17085,"date":"2019-03-24T23:43:16","date_gmt":"2019-03-24T23:43:16","guid":{"rendered":"http:\/\/hellobanhmi.dk\/catering\/"},"modified":"2022-07-06T08:40:24","modified_gmt":"2022-07-06T08:40:24","slug":"catering","status":"publish","type":"page","link":"https:\/\/hellobanhmi.dk\/de\/catering\/","title":{"rendered":"Catering"},"content":{"rendered":"\t\t<div data-elementor-type=\"wp-page\" data-elementor-id=\"17085\" class=\"elementor elementor-17085\" data-elementor-post-type=\"page\">\n\t\t\t\t\t\t<section class=\"elementor-section elementor-top-section elementor-element elementor-element-27adb233 elementor-section-boxed elementor-section-height-default elementor-section-height-default\" data-id=\"27adb233\" data-element_type=\"section\" data-e-type=\"section\">\n\t\t\t\t\t\t<div class=\"elementor-container elementor-column-gap-default\">\n\t\t\t\t\t<div class=\"elementor-column elementor-col-100 elementor-top-column elementor-element elementor-element-52e5e42f\" data-id=\"52e5e42f\" data-element_type=\"column\" data-e-type=\"column\">\n\t\t\t<div class=\"elementor-widget-wrap elementor-element-populated\">\n\t\t\t\t\t\t<div class=\"elementor-element elementor-element-ab1be9b elementor-widget elementor-widget-heading\" data-id=\"ab1be9b\" data-element_type=\"widget\" data-e-type=\"widget\" data-widget_type=\"heading.default\">\n\t\t\t\t<div class=\"elementor-widget-container\">\n\t\t\t\t\t<h2 class=\"elementor-heading-title elementor-size-default\">H\u00caLL\u00d4 B\u00c1NH M\u00cc \u2013 CATERING F\u00dcR JEDEN ANLASS\n<\/h2>\t\t\t\t<\/div>\n\t\t\t\t<\/div>\n\t\t\t\t<div class=\"elementor-element elementor-element-7ae50d9 elementor-widget elementor-widget-text-editor\" data-id=\"7ae50d9\" data-element_type=\"widget\" data-e-type=\"widget\" data-widget_type=\"text-editor.default\">\n\t\t\t\t<div class=\"elementor-widget-container\">\n\t\t\t\t\t\t\t\t\t<p>Obwohl wir eine kleine Stra\u00dfenk\u00fcche sind, haben wir gute Erfahrungen mit dem Catering f\u00fcr kleine und gro\u00dfe Veranstaltungen. Wir beliefern Unternehmen und Privatpersonen und sind ein idealer Partner f\u00fcr z.B. Firmenessen \/ Meetings, Empf\u00e4nge, Partys oder einfach nur ein informelles und gem\u00fctliches Abendessen.<\/p><p>Wir bieten k\u00f6stliche, einfache und frische vietnamesische Spezialit\u00e4ten, die Sie mit einem einzigen Bissen auf eine Reise in die beliebte Stra\u00dfenk\u00fcche Vietnams entf\u00fchren.<\/p>\t\t\t\t\t\t\t\t<\/div>\n\t\t\t\t<\/div>\n\t\t\t\t<section class=\"elementor-section elementor-inner-section elementor-element elementor-element-6c63b40 elementor-section-boxed elementor-section-height-default elementor-section-height-default\" data-id=\"6c63b40\" data-element_type=\"section\" data-e-type=\"section\">\n\t\t\t\t\t\t<div class=\"elementor-container elementor-column-gap-default\">\n\t\t\t\t\t<div class=\"elementor-column elementor-col-50 elementor-inner-column elementor-element elementor-element-d5842e3\" data-id=\"d5842e3\" data-element_type=\"column\" data-e-type=\"column\">\n\t\t\t<div class=\"elementor-widget-wrap elementor-element-populated\">\n\t\t\t\t\t\t<div class=\"elementor-element elementor-element-3b32b89 elementor-widget__width-auto elementor-widget elementor-widget-text-editor\" data-id=\"3b32b89\" data-element_type=\"widget\" data-e-type=\"widget\" data-widget_type=\"text-editor.default\">\n\t\t\t\t<div class=\"elementor-widget-container\">\n\t\t\t\t\t\t\t\t\t<p>In unserer <a href=\"http:\/\/hellobanhmi.dk\/de\/speisekarte\/\"><u>Speisekarte<\/u><\/a> finden Sie t\u00e4glich unsere Spezialit\u00e4ten aus der \u201eStra\u00dfenk\u00fcche\u201c. Wenn Sie eine weitere inspirierende und schmackhafte Men\u00fckomposition ben\u00f6tigen, freuen wir uns auf Ihre Kontaktaufnahme<\/p>\t\t\t\t\t\t\t\t<\/div>\n\t\t\t\t<\/div>\n\t\t\t\t\t<\/div>\n\t\t<\/div>\n\t\t\t\t<div class=\"elementor-column elementor-col-50 elementor-inner-column elementor-element elementor-element-a7aeb46\" data-id=\"a7aeb46\" data-element_type=\"column\" data-e-type=\"column\">\n\t\t\t<div class=\"elementor-widget-wrap elementor-element-populated\">\n\t\t\t\t\t\t<div class=\"elementor-element elementor-element-4d26055 elementor-widget__width-auto elementor-widget elementor-widget-image\" data-id=\"4d26055\" data-element_type=\"widget\" data-e-type=\"widget\" data-widget_type=\"image.default\">\n\t\t\t\t<div class=\"elementor-widget-container\">\n\t\t\t\t\t\t\t\t\t\t\t\t\t\t\t<img fetchpriority=\"high\" decoding=\"async\" width=\"631\" height=\"1024\" src=\"https:\/\/hellobanhmi.dk\/wp-content\/uploads\/2019\/03\/catering-img-631x1024.jpg\" class=\"attachment-large size-large wp-image-16687\" alt=\"\" srcset=\"https:\/\/hellobanhmi.dk\/wp-content\/uploads\/2019\/03\/catering-img-631x1024.jpg 631w, https:\/\/hellobanhmi.dk\/wp-content\/uploads\/2019\/03\/catering-img-185x300.jpg 185w, https:\/\/hellobanhmi.dk\/wp-content\/uploads\/2019\/03\/catering-img-768x1247.jpg 768w, https:\/\/hellobanhmi.dk\/wp-content\/uploads\/2019\/03\/catering-img-700x1136.jpg 700w, https:\/\/hellobanhmi.dk\/wp-content\/uploads\/2019\/03\/catering-img.jpg 996w\" sizes=\"(max-width: 631px) 100vw, 631px\" \/>\t\t\t\t\t\t\t\t\t\t\t\t\t\t\t<\/div>\n\t\t\t\t<\/div>\n\t\t\t\t\t<\/div>\n\t\t<\/div>\n\t\t\t\t\t<\/div>\n\t\t<\/section>\n\t\t\t\t<div class=\"elementor-element elementor-element-c2157bc elementor-widget elementor-widget-heading\" data-id=\"c2157bc\" data-element_type=\"widget\" data-e-type=\"widget\" data-widget_type=\"heading.default\">\n\t\t\t\t<div class=\"elementor-widget-container\">\n\t\t\t\t\t<h2 class=\"elementor-heading-title elementor-size-default\">Kontaktiere uns<\/h2>\t\t\t\t<\/div>\n\t\t\t\t<\/div>\n\t\t\t\t<div class=\"elementor-element elementor-element-2e68248 elementor-button-align-stretch elementor-widget elementor-widget-form\" data-id=\"2e68248\" data-element_type=\"widget\" data-e-type=\"widget\" data-settings=\"{&quot;step_next_label&quot;:&quot;N\\u00e6ste&quot;,&quot;step_previous_label&quot;:&quot;Tidligere&quot;,&quot;button_width&quot;:&quot;100&quot;,&quot;step_type&quot;:&quot;number_text&quot;,&quot;step_icon_shape&quot;:&quot;circle&quot;}\" data-widget_type=\"form.default\">\n\t\t\t\t<div class=\"elementor-widget-container\">\n\t\t\t\t\t\t\t<form class=\"elementor-form\" method=\"post\" name=\"Ny formular\" aria-label=\"Ny formular\">\n\t\t\t<input type=\"hidden\" name=\"post_id\" value=\"17085\"\/>\n\t\t\t<input type=\"hidden\" name=\"form_id\" value=\"2e68248\"\/>\n\t\t\t<input type=\"hidden\" name=\"referer_title\" value=\"Catering - Autentisk Vietnamesisk Street Food\" \/>\n\n\t\t\t\t\t\t\t<input type=\"hidden\" name=\"queried_id\" value=\"17085\"\/>\n\t\t\t\n\t\t\t<div class=\"elementor-form-fields-wrapper elementor-labels-\">\n\t\t\t\t\t\t\t\t<div class=\"elementor-field-type-text elementor-field-group elementor-column elementor-field-group-name elementor-col-50 elementor-field-required\">\n\t\t\t\t\t\t\t\t\t\t\t\t<label for=\"form-field-name\" class=\"elementor-field-label elementor-screen-only\">\n\t\t\t\t\t\t\t\tName\t\t\t\t\t\t\t<\/label>\n\t\t\t\t\t\t\t\t\t\t\t\t\t\t<input size=\"1\" type=\"text\" name=\"form_fields[name]\" id=\"form-field-name\" class=\"elementor-field elementor-size-sm  elementor-field-textual\" placeholder=\"Name*\" required=\"required\">\n\t\t\t\t\t\t\t\t\t\t\t<\/div>\n\t\t\t\t\t\t\t\t<div class=\"elementor-field-type-tel elementor-field-group elementor-column elementor-field-group-field_ef5fbeb elementor-col-50\">\n\t\t\t\t\t\t\t<input size=\"1\" type=\"tel\" name=\"form_fields[field_ef5fbeb]\" id=\"form-field-field_ef5fbeb\" class=\"elementor-field elementor-size-sm  elementor-field-textual\" placeholder=\"Tel.\" pattern=\"[0-9()#&amp;+*-=.]+\" title=\"Nur Nummern oder Telefon-Zeichen (#, -, *, etc) werden akzeptiert.\">\n\n\t\t\t\t\t\t<\/div>\n\t\t\t\t\t\t\t\t<div class=\"elementor-field-type-email elementor-field-group elementor-column elementor-field-group-email elementor-col-100 elementor-field-required\">\n\t\t\t\t\t\t\t\t\t\t\t\t<label for=\"form-field-email\" class=\"elementor-field-label elementor-screen-only\">\n\t\t\t\t\t\t\t\tE-mail\t\t\t\t\t\t\t<\/label>\n\t\t\t\t\t\t\t\t\t\t\t\t\t\t<input size=\"1\" type=\"email\" name=\"form_fields[email]\" id=\"form-field-email\" class=\"elementor-field elementor-size-sm  elementor-field-textual\" placeholder=\"E-mail*\" required=\"required\">\n\t\t\t\t\t\t\t\t\t\t\t<\/div>\n\t\t\t\t\t\t\t\t<div class=\"elementor-field-type-textarea elementor-field-group elementor-column elementor-field-group-message elementor-col-100 elementor-field-required\">\n\t\t\t\t\t\t\t\t\t\t\t\t<label for=\"form-field-message\" class=\"elementor-field-label elementor-screen-only\">\n\t\t\t\t\t\t\t\tBekanntmachung\t\t\t\t\t\t\t<\/label>\n\t\t\t\t\t\t<textarea class=\"elementor-field-textual elementor-field  elementor-size-sm\" name=\"form_fields[message]\" id=\"form-field-message\" rows=\"8\" placeholder=\"Bekanntmachung\" required=\"required\"><\/textarea>\t\t\t\t<\/div>\n\t\t\t\t\t\t\t\t<div class=\"elementor-field-type-recaptcha_v3 elementor-field-group elementor-column elementor-field-group-field_1d3d376 elementor-col-100 recaptcha_v3-bottomright\">\n\t\t\t\t\t<div class=\"elementor-field\" id=\"form-field-field_1d3d376\"><div class=\"elementor-g-recaptcha\" data-sitekey=\"6LdjF8kgAAAAAJRAzV7INY4nR4L7C51RSCdHkT-W\" data-type=\"v3\" data-action=\"Form\" data-badge=\"bottomright\" data-size=\"invisible\"><\/div><\/div>\t\t\t\t<\/div>\n\t\t\t\t\t\t\t\t<div class=\"elementor-field-group elementor-column elementor-field-type-submit elementor-col-100 e-form__buttons\">\n\t\t\t\t\t<button class=\"elementor-button elementor-size-sm\" type=\"submit\">\n\t\t\t\t\t\t<span class=\"elementor-button-content-wrapper\">\n\t\t\t\t\t\t\t\t\t\t\t\t\t\t\t\t\t\t\t\t\t\t<span class=\"elementor-button-text\">Send<\/span>\n\t\t\t\t\t\t\t\t\t\t\t\t\t<\/span>\n\t\t\t\t\t<\/button>\n\t\t\t\t<\/div>\n\t\t\t<\/div>\n\t\t<\/form>\n\t\t\t\t\t\t<\/div>\n\t\t\t\t<\/div>\n\t\t\t\t\t<\/div>\n\t\t<\/div>\n\t\t\t\t\t<\/div>\n\t\t<\/section>\n\t\t\t\t<\/div>\n\t\t","protected":false},"excerpt":{"rendered":"<p>H\u00caLL\u00d4 B\u00c1NH M\u00cc \u2013 CATERING F\u00dcR JEDEN ANLASS Obwohl wir eine kleine Stra\u00dfenk\u00fcche sind, haben wir gute Erfahrungen mit dem Catering f\u00fcr kleine und gro\u00dfe Veranstaltungen. Wir beliefern Unternehmen und Privatpersonen und sind ein idealer Partner f\u00fcr z.B. Firmenessen \/ Meetings, Empf\u00e4nge, Partys oder einfach nur ein informelles und gem\u00fctliches Abendessen. Wir bieten k\u00f6stliche, einfache [&hellip;]<\/p>\n","protected":false},"author":1,"featured_media":0,"parent":0,"menu_order":0,"comment_status":"closed","ping_status":"closed","template":"","meta":{"_monsterinsights_skip_tracking":false,"_monsterinsights_sitenote_active":false,"_monsterinsights_sitenote_note":"","_monsterinsights_sitenote_category":0,"footnotes":""},"class_list":["post-17085","page","type-page","status-publish","hentry"],"_links":{"self":[{"href":"https:\/\/hellobanhmi.dk\/de\/wp-json\/wp\/v2\/pages\/17085","targetHints":{"allow":["GET"]}}],"collection":[{"href":"https:\/\/hellobanhmi.dk\/de\/wp-json\/wp\/v2\/pages"}],"about":[{"href":"https:\/\/hellobanhmi.dk\/de\/wp-json\/wp\/v2\/types\/page"}],"author":[{"embeddable":true,"href":"https:\/\/hellobanhmi.dk\/de\/wp-json\/wp\/v2\/users\/1"}],"replies":[{"embeddable":true,"href":"https:\/\/hellobanhmi.dk\/de\/wp-json\/wp\/v2\/comments?post=17085"}],"version-history":[{"count":3,"href":"https:\/\/hellobanhmi.dk\/de\/wp-json\/wp\/v2\/pages\/17085\/revisions"}],"predecessor-version":[{"id":17088,"href":"https:\/\/hellobanhmi.dk\/de\/wp-json\/wp\/v2\/pages\/17085\/revisions\/17088"}],"wp:attachment":[{"href":"https:\/\/hellobanhmi.dk\/de\/wp-json\/wp\/v2\/media?parent=17085"}],"curies":[{"name":"wp","href":"https:\/\/api.w.org\/{rel}","templated":true}]}}