{"id":16993,"date":"2019-03-24T23:40:33","date_gmt":"2019-03-24T23:40:33","guid":{"rendered":"http:\/\/hellobanhmi.dk\/ueber-uns\/"},"modified":"2022-07-06T08:13:30","modified_gmt":"2022-07-06T08:13:30","slug":"ueber-uns","status":"publish","type":"page","link":"https:\/\/hellobanhmi.dk\/de\/ueber-uns\/","title":{"rendered":"\u00dcber uns"},"content":{"rendered":"\t\t<div data-elementor-type=\"wp-page\" data-elementor-id=\"16993\" class=\"elementor elementor-16993\" data-elementor-post-type=\"page\">\n\t\t\t\t\t\t<section class=\"elementor-section elementor-top-section elementor-element elementor-element-3b3cc9eb elementor-section-boxed elementor-section-height-default elementor-section-height-default\" data-id=\"3b3cc9eb\" data-element_type=\"section\" data-e-type=\"section\">\n\t\t\t\t\t\t<div class=\"elementor-container elementor-column-gap-default\">\n\t\t\t\t\t<div class=\"elementor-column elementor-col-100 elementor-top-column elementor-element elementor-element-7404f27\" data-id=\"7404f27\" data-element_type=\"column\" data-e-type=\"column\">\n\t\t\t<div class=\"elementor-widget-wrap elementor-element-populated\">\n\t\t\t\t\t\t<div class=\"elementor-element elementor-element-bf21d55 elementor-widget elementor-widget-heading\" data-id=\"bf21d55\" data-element_type=\"widget\" data-e-type=\"widget\" data-widget_type=\"heading.default\">\n\t\t\t\t<div class=\"elementor-widget-container\">\n\t\t\t\t\t<h2 class=\"elementor-heading-title elementor-size-default\">VIETNAMESIAN STREET FOOD VOM BESTEN!\n<\/h2>\t\t\t\t<\/div>\n\t\t\t\t<\/div>\n\t\t\t\t<div class=\"elementor-element elementor-element-6f16288 elementor-widget elementor-widget-text-editor\" data-id=\"6f16288\" data-element_type=\"widget\" data-e-type=\"widget\" data-widget_type=\"text-editor.default\">\n\t\t\t\t<div class=\"elementor-widget-container\">\n\t\t\t\t\t\t\t\t\t<p>Vietnamesisches Street Food (Street Food) wird international als eine der ges\u00fcndesten K\u00fcchen bezeichnet, aufgrund des minimalen Einsatzes von \u00d6len sowie hohen Anspr\u00fcchen an frische Zutaten. Die K\u00fcche ist auch daf\u00fcr bekannt, das Gleichgewicht zwischen sauer, s\u00fc\u00df und salzig zu meistern, was dazu beitr\u00e4gt, die schmackhaftesten Gerichte zu kreieren. Street Food wird normalerweise unterwegs gegessen \u2013 im Stehen oder Gehen \u2013 und ist immer gem\u00fctlich und unpr\u00e4tenti\u00f6s. Die Gerichte sind ideal f\u00fcr ein gesundes und leckeres schnelles Mittagessen und k\u00f6nnen von jedem genossen werden, egal ob Fleischliebhaber oder Vegetarier.<\/p><p>Bei H\u00eall\u00f4 B\u00e1nh M\u00ec steht nicht nur unser frisches und leckeres Essen an erster Stelle, sondern es muss auch immer sch\u00f6n und lustig sein, uns zu besuchen! Unsere Vision ist es, Menschen durch gutes Essen und Atmosph\u00e4re n\u00e4her zusammenzubringen, und wir m\u00f6chten, dass Sie Kollegen, Familie und Freunde zu einem wunderbaren und authentischen vietnamesischen Street Food-Erlebnis einladen. Die Mission ist ganz einfach; Wir servieren nur frische und hausgemachte Gerichte mit viel Liebe und Lebensfreude, so wie es in Vietnam gemacht wird.<\/p><p>H\u00eall\u00f4 B\u00e1nnh M\u00ec wird t\u00e4glich von Cam Hang Pham geleitet, der in S\u00fcdvietnam geboren und im pulsierenden Herzen des Landes aufgewachsen ist; Saigon (Ho-Chi-Minh-Stadt), wo Street Food ein wichtiger und liebevoller Teil der Bev\u00f6lkerung ist. Trotz der Tatsache, dass vietnamesisches Street Food in D\u00e4nemark erst jetzt zu boomen beginnt, war es schon immer ein gro\u00dfer Teil von Cams Erziehung, und sie sehnt sich zur\u00fcck und erinnert sich an die warmen und guten Zeiten, die die vietnamesische Stra\u00dfenk\u00fcche bietet. Diese Gef\u00fchle sind die treibende Kraft hinter H\u00eall\u00f4 B\u00e1nh M\u00ec und wir hoffen, dass Sie dies auch sp\u00fcren werden.<\/p><p>Uns ist es wichtig, unseren Kunden das Gef\u00fchl zu geben, was echtes vietnamesisches Street Food Essen ist, deshalb verwenden wir nur schmackhafte Familienrezepte, die von Generation zu Generation weitergegeben werden. Wir bieten traditionelle, beliebte und \u201eeinfache\u201d Gerichte zu erschwinglichen Preisen. H\u00eall\u00f4 B\u00e1nnh M\u00ec hei\u00dft Sie in unserer gem\u00fctlichen \u201eStra\u00dfenk\u00fcche\u201d herzlich willkommen und freut sich darauf, Ihnen einen k\u00f6stlichen Bissen Vietnam zu servieren!<\/p>\t\t\t\t\t\t\t\t<\/div>\n\t\t\t\t<\/div>\n\t\t\t\t\t<\/div>\n\t\t<\/div>\n\t\t\t\t\t<\/div>\n\t\t<\/section>\n\t\t\t\t<\/div>\n\t\t","protected":false},"excerpt":{"rendered":"<p>VIETNAMESIAN STREET FOOD VOM BESTEN! Vietnamesisches Street Food (Street Food) wird international als eine der ges\u00fcndesten K\u00fcchen bezeichnet, aufgrund des minimalen Einsatzes von \u00d6len sowie hohen Anspr\u00fcchen an frische Zutaten. Die K\u00fcche ist auch daf\u00fcr bekannt, das Gleichgewicht zwischen sauer, s\u00fc\u00df und salzig zu meistern, was dazu beitr\u00e4gt, die schmackhaftesten Gerichte zu kreieren. Street Food [&hellip;]<\/p>\n","protected":false},"author":1,"featured_media":0,"parent":0,"menu_order":0,"comment_status":"closed","ping_status":"closed","template":"","meta":{"_monsterinsights_skip_tracking":false,"_monsterinsights_sitenote_active":false,"_monsterinsights_sitenote_note":"","_monsterinsights_sitenote_category":0,"footnotes":""},"class_list":["post-16993","page","type-page","status-publish","hentry"],"_links":{"self":[{"href":"https:\/\/hellobanhmi.dk\/de\/wp-json\/wp\/v2\/pages\/16993","targetHints":{"allow":["GET"]}}],"collection":[{"href":"https:\/\/hellobanhmi.dk\/de\/wp-json\/wp\/v2\/pages"}],"about":[{"href":"https:\/\/hellobanhmi.dk\/de\/wp-json\/wp\/v2\/types\/page"}],"author":[{"embeddable":true,"href":"https:\/\/hellobanhmi.dk\/de\/wp-json\/wp\/v2\/users\/1"}],"replies":[{"embeddable":true,"href":"https:\/\/hellobanhmi.dk\/de\/wp-json\/wp\/v2\/comments?post=16993"}],"version-history":[{"count":5,"href":"https:\/\/hellobanhmi.dk\/de\/wp-json\/wp\/v2\/pages\/16993\/revisions"}],"predecessor-version":[{"id":17065,"href":"https:\/\/hellobanhmi.dk\/de\/wp-json\/wp\/v2\/pages\/16993\/revisions\/17065"}],"wp:attachment":[{"href":"https:\/\/hellobanhmi.dk\/de\/wp-json\/wp\/v2\/media?parent=16993"}],"curies":[{"name":"wp","href":"https:\/\/api.w.org\/{rel}","templated":true}]}}